{"id":3120,"date":"2025-11-21T12:12:34","date_gmt":"2025-11-21T11:12:34","guid":{"rendered":"https:\/\/www.hoteldagiovanna.com\/cookie-policy\/"},"modified":"2025-11-24T17:00:31","modified_gmt":"2025-11-24T16:00:31","slug":"cookie-policy","status":"publish","type":"page","link":"https:\/\/www.hoteldagiovanna.com\/de\/cookie-policy\/","title":{"rendered":"Cookie Policy"},"content":{"rendered":"\t\t<div data-elementor-type=\"wp-page\" data-elementor-id=\"3120\" class=\"elementor elementor-3120 elementor-2942\">\n\t\t\t\t<div class=\"elementor-element elementor-element-26978c7d e-flex e-con-boxed e-con e-parent\" data-id=\"26978c7d\" data-element_type=\"container\" data-e-type=\"container\">\n\t\t\t\t\t<div class=\"e-con-inner\">\n\t\t\t\t<div class=\"elementor-element elementor-element-7074e00d elementor-widget elementor-widget-text-editor\" data-id=\"7074e00d\" data-element_type=\"widget\" data-e-type=\"widget\" data-widget_type=\"text-editor.default\">\n\t\t\t\t<div class=\"elementor-widget-container\">\n\t\t\t\t\t\t\t\t\t<h2>COOKIE-ERKL\u00c4RUNG<\/h2>\nCookies sind kleine Textdateien, die auf Ihrem Computer abgelegt werden, wenn Sie bestimmte Websites besuchen. Websites verwenden Cookies, um Benutzern das Navigieren auf einer Website zu erleichtern und das Ausf\u00fchren bestimmter Funktionen zu erm\u00f6glichen. Cookies, die f\u00fcr den ordnungsgem\u00e4\u00dfen Betrieb der Website erforderlich sind, d\u00fcrfen ohne Ihre Einwilligung gesetzt werden. Allen anderen Cookies muss erst zugestimmt werden, bevor sie im Browser gesetzt werden k\u00f6nnen.\nSie k\u00f6nnen Ihre Einwilligung zur Verwendung von Cookies auf unserer Website jederzeit in der Datenschutzerkl\u00e4rung \u00e4ndern.\n<h3>VON DIESER WEBSITE VERWENDETE COOKIES UND DEREN ZWECK<\/h3>\nNachfolgend finden Sie die Informationen und Einstellungen der auf dieser Website verwendeten Cookies.\n\nSie k\u00f6nnen Cookies nach Ihren W\u00fcnschen aktivieren oder deaktivieren.\n\n<script type=\"text\/javascript\" charset=\"UTF-8\"  data-cookiescriptreport=\"report\" src=\"\/\/report.cookie-script.com\/r\/4ef909a835d969646e20a1fbead1048e.js\"><\/script>\t\t\t\t\t\t\t\t<\/div>\n\t\t\t\t<\/div>\n\t\t\t\t\t<\/div>\n\t\t\t\t<\/div>\n\t\t\t\t<\/div>\n\t\t","protected":false},"excerpt":{"rendered":"<p>COOKIE-ERKL\u00c4RUNG Cookies sind kleine Textdateien, die auf Ihrem Computer abgelegt werden, wenn Sie bestimmte Websites besuchen. Websites verwenden Cookies, um Benutzern das Navigieren auf einer Website zu erleichtern und das Ausf\u00fchren bestimmter Funktionen zu erm\u00f6glichen. Cookies, die f\u00fcr den ordnungsgem\u00e4\u00dfen Betrieb der Website erforderlich sind, d\u00fcrfen ohne Ihre Einwilligung gesetzt werden. Allen anderen Cookies muss &#8230;<\/p>\n","protected":false},"author":2,"featured_media":0,"parent":0,"menu_order":0,"comment_status":"closed","ping_status":"open","template":"template-wide-content.php","meta":{"cozystay_single_page_hide_site_header":"","cozystay_single_page_site_header_source":"","cozystay_single_page_custom_site_header":"0","cozystay_single_page_custom_sticky_site_header":"0","cozystay_single_page_hide_page_title":"","cozystay_single_page_header_section_size":"","cozystay_single_page_header_background_color":"","cozystay_single_page_header_background_position_x":"center","cozystay_single_page_header_background_position_y":"center","cozystay_single_page_header_background_size":"cover","cozystay_single_page_header_background_repeat":"off","cozystay_single_page_header_background_scroll":"on","cozystay_single_page_header_text_color":"","cozystay_single_page_header_show_breadcrumb":"","cozystay_single_page_site_footer_hide_main":"","cozystay_single_custom_site_footer_main_source":"","cozystay_single_custom_site_footer_main":"0","cozystay_single_page_site_footer_hide_above":"","cozystay_single_custom_site_footer_above_source":"","cozystay_single_custom_site_footer_above":"0","cozystay_single_page_site_footer_hide_instagram":"","cozystay_single_page_site_footer_hide_bottom":"","cozystay_single_custom_mobile_menu_source":"","cozystay_single_custom_mobile_menu":"0","cozystay_single_custom_mobile_menu_animation":"","cozystay_single_custom_mobile_menu_width":"","cozystay_single_custom_mobile_menu_custom_width":375,"footnotes":""},"class_list":["post-3120","page","type-page","status-publish","hentry"],"yoast_head":"<!-- This site is optimized with the Yoast SEO plugin v27.1.1 - https:\/\/yoast.com\/product\/yoast-seo-wordpress\/ -->\n<title>Cookie Policy - Hotel Da Giovanna<\/title>\n<meta name=\"robots\" content=\"index, follow, max-snippet:-1, max-image-preview:large, max-video-preview:-1\" \/>\n<link rel=\"canonical\" href=\"https:\/\/www.hoteldagiovanna.com\/de\/cookie-policy\/\" \/>\n<meta property=\"og:locale\" content=\"de_DE\" \/>\n<meta property=\"og:type\" content=\"article\" \/>\n<meta property=\"og:title\" content=\"Cookie Policy - Hotel Da Giovanna\" \/>\n<meta property=\"og:description\" content=\"COOKIE-ERKL\u00c4RUNG Cookies sind kleine Textdateien, die auf Ihrem Computer abgelegt werden, wenn Sie bestimmte Websites besuchen. Websites verwenden Cookies, um Benutzern das Navigieren auf einer Website zu erleichtern und das Ausf\u00fchren bestimmter Funktionen zu erm\u00f6glichen. Cookies, die f\u00fcr den ordnungsgem\u00e4\u00dfen Betrieb der Website erforderlich sind, d\u00fcrfen ohne Ihre Einwilligung gesetzt werden. Allen anderen Cookies muss ...\" \/>\n<meta property=\"og:url\" content=\"https:\/\/www.hoteldagiovanna.com\/de\/cookie-policy\/\" \/>\n<meta property=\"og:site_name\" content=\"Hotel Da Giovanna\" \/>\n<meta property=\"article:modified_time\" content=\"2025-11-24T16:00:31+00:00\" \/>\n<meta name=\"twitter:card\" content=\"summary_large_image\" \/>\n<meta name=\"twitter:label1\" content=\"Gesch\u00e4tzte Lesezeit\" \/>\n\t<meta name=\"twitter:data1\" content=\"1\u00a0Minute\" \/>\n<script type=\"application\/ld+json\" class=\"yoast-schema-graph\">{\"@context\":\"https:\/\/schema.org\",\"@graph\":[{\"@type\":\"WebPage\",\"@id\":\"https:\/\/www.hoteldagiovanna.com\/de\/cookie-policy\/\",\"url\":\"https:\/\/www.hoteldagiovanna.com\/de\/cookie-policy\/\",\"name\":\"Cookie Policy - Hotel Da Giovanna\",\"isPartOf\":{\"@id\":\"https:\/\/www.hoteldagiovanna.com\/de\/#website\"},\"datePublished\":\"2025-11-21T11:12:34+00:00\",\"dateModified\":\"2025-11-24T16:00:31+00:00\",\"breadcrumb\":{\"@id\":\"https:\/\/www.hoteldagiovanna.com\/de\/cookie-policy\/#breadcrumb\"},\"inLanguage\":\"de\",\"potentialAction\":[{\"@type\":\"ReadAction\",\"target\":[\"https:\/\/www.hoteldagiovanna.com\/de\/cookie-policy\/\"]}]},{\"@type\":\"BreadcrumbList\",\"@id\":\"https:\/\/www.hoteldagiovanna.com\/de\/cookie-policy\/#breadcrumb\",\"itemListElement\":[{\"@type\":\"ListItem\",\"position\":1,\"name\":\"Home\",\"item\":\"https:\/\/www.hoteldagiovanna.com\/de\/\"},{\"@type\":\"ListItem\",\"position\":2,\"name\":\"Cookie Policy\"}]},{\"@type\":\"WebSite\",\"@id\":\"https:\/\/www.hoteldagiovanna.com\/de\/#website\",\"url\":\"https:\/\/www.hoteldagiovanna.com\/de\/\",\"name\":\"Hotel Da Giovanna\",\"description\":\"Hotel 3 stelle in centro a Lignano Sabbiadoro\",\"publisher\":{\"@id\":\"https:\/\/www.hoteldagiovanna.com\/de\/#organization\"},\"potentialAction\":[{\"@type\":\"SearchAction\",\"target\":{\"@type\":\"EntryPoint\",\"urlTemplate\":\"https:\/\/www.hoteldagiovanna.com\/de\/?s={search_term_string}\"},\"query-input\":{\"@type\":\"PropertyValueSpecification\",\"valueRequired\":true,\"valueName\":\"search_term_string\"}}],\"inLanguage\":\"de\"},{\"@type\":\"Organization\",\"@id\":\"https:\/\/www.hoteldagiovanna.com\/de\/#organization\",\"name\":\"Hotel Da Giovanna\",\"url\":\"https:\/\/www.hoteldagiovanna.com\/de\/\",\"logo\":{\"@type\":\"ImageObject\",\"inLanguage\":\"de\",\"@id\":\"https:\/\/www.hoteldagiovanna.com\/de\/#\/schema\/logo\/image\/\",\"url\":\"https:\/\/www.hoteldagiovanna.com\/wp-content\/uploads\/2025\/11\/cropped-albergo-da-giovanna-logo.png\",\"contentUrl\":\"https:\/\/www.hoteldagiovanna.com\/wp-content\/uploads\/2025\/11\/cropped-albergo-da-giovanna-logo.png\",\"width\":447,\"height\":149,\"caption\":\"Hotel Da Giovanna\"},\"image\":{\"@id\":\"https:\/\/www.hoteldagiovanna.com\/de\/#\/schema\/logo\/image\/\"}}]}<\/script>\n<!-- \/ Yoast SEO plugin. -->","yoast_head_json":{"title":"Cookie Policy - Hotel Da Giovanna","robots":{"index":"index","follow":"follow","max-snippet":"max-snippet:-1","max-image-preview":"max-image-preview:large","max-video-preview":"max-video-preview:-1"},"canonical":"https:\/\/www.hoteldagiovanna.com\/de\/cookie-policy\/","og_locale":"de_DE","og_type":"article","og_title":"Cookie Policy - Hotel Da Giovanna","og_description":"COOKIE-ERKL\u00c4RUNG Cookies sind kleine Textdateien, die auf Ihrem Computer abgelegt werden, wenn Sie bestimmte Websites besuchen. Websites verwenden Cookies, um Benutzern das Navigieren auf einer Website zu erleichtern und das Ausf\u00fchren bestimmter Funktionen zu erm\u00f6glichen. Cookies, die f\u00fcr den ordnungsgem\u00e4\u00dfen Betrieb der Website erforderlich sind, d\u00fcrfen ohne Ihre Einwilligung gesetzt werden. Allen anderen Cookies muss ...","og_url":"https:\/\/www.hoteldagiovanna.com\/de\/cookie-policy\/","og_site_name":"Hotel Da Giovanna","article_modified_time":"2025-11-24T16:00:31+00:00","twitter_card":"summary_large_image","twitter_misc":{"Gesch\u00e4tzte Lesezeit":"1\u00a0Minute"},"schema":{"@context":"https:\/\/schema.org","@graph":[{"@type":"WebPage","@id":"https:\/\/www.hoteldagiovanna.com\/de\/cookie-policy\/","url":"https:\/\/www.hoteldagiovanna.com\/de\/cookie-policy\/","name":"Cookie Policy - Hotel Da Giovanna","isPartOf":{"@id":"https:\/\/www.hoteldagiovanna.com\/de\/#website"},"datePublished":"2025-11-21T11:12:34+00:00","dateModified":"2025-11-24T16:00:31+00:00","breadcrumb":{"@id":"https:\/\/www.hoteldagiovanna.com\/de\/cookie-policy\/#breadcrumb"},"inLanguage":"de","potentialAction":[{"@type":"ReadAction","target":["https:\/\/www.hoteldagiovanna.com\/de\/cookie-policy\/"]}]},{"@type":"BreadcrumbList","@id":"https:\/\/www.hoteldagiovanna.com\/de\/cookie-policy\/#breadcrumb","itemListElement":[{"@type":"ListItem","position":1,"name":"Home","item":"https:\/\/www.hoteldagiovanna.com\/de\/"},{"@type":"ListItem","position":2,"name":"Cookie Policy"}]},{"@type":"WebSite","@id":"https:\/\/www.hoteldagiovanna.com\/de\/#website","url":"https:\/\/www.hoteldagiovanna.com\/de\/","name":"Hotel Da Giovanna","description":"Hotel 3 stelle in centro a Lignano Sabbiadoro","publisher":{"@id":"https:\/\/www.hoteldagiovanna.com\/de\/#organization"},"potentialAction":[{"@type":"SearchAction","target":{"@type":"EntryPoint","urlTemplate":"https:\/\/www.hoteldagiovanna.com\/de\/?s={search_term_string}"},"query-input":{"@type":"PropertyValueSpecification","valueRequired":true,"valueName":"search_term_string"}}],"inLanguage":"de"},{"@type":"Organization","@id":"https:\/\/www.hoteldagiovanna.com\/de\/#organization","name":"Hotel Da Giovanna","url":"https:\/\/www.hoteldagiovanna.com\/de\/","logo":{"@type":"ImageObject","inLanguage":"de","@id":"https:\/\/www.hoteldagiovanna.com\/de\/#\/schema\/logo\/image\/","url":"https:\/\/www.hoteldagiovanna.com\/wp-content\/uploads\/2025\/11\/cropped-albergo-da-giovanna-logo.png","contentUrl":"https:\/\/www.hoteldagiovanna.com\/wp-content\/uploads\/2025\/11\/cropped-albergo-da-giovanna-logo.png","width":447,"height":149,"caption":"Hotel Da Giovanna"},"image":{"@id":"https:\/\/www.hoteldagiovanna.com\/de\/#\/schema\/logo\/image\/"}}]}},"_links":{"self":[{"href":"https:\/\/www.hoteldagiovanna.com\/de\/wp-json\/wp\/v2\/pages\/3120","targetHints":{"allow":["GET"]}}],"collection":[{"href":"https:\/\/www.hoteldagiovanna.com\/de\/wp-json\/wp\/v2\/pages"}],"about":[{"href":"https:\/\/www.hoteldagiovanna.com\/de\/wp-json\/wp\/v2\/types\/page"}],"author":[{"embeddable":true,"href":"https:\/\/www.hoteldagiovanna.com\/de\/wp-json\/wp\/v2\/users\/2"}],"replies":[{"embeddable":true,"href":"https:\/\/www.hoteldagiovanna.com\/de\/wp-json\/wp\/v2\/comments?post=3120"}],"version-history":[{"count":2,"href":"https:\/\/www.hoteldagiovanna.com\/de\/wp-json\/wp\/v2\/pages\/3120\/revisions"}],"predecessor-version":[{"id":3426,"href":"https:\/\/www.hoteldagiovanna.com\/de\/wp-json\/wp\/v2\/pages\/3120\/revisions\/3426"}],"wp:attachment":[{"href":"https:\/\/www.hoteldagiovanna.com\/de\/wp-json\/wp\/v2\/media?parent=3120"}],"curies":[{"name":"wp","href":"https:\/\/api.w.org\/{rel}","templated":true}]}}